{"id":51,"date":"2025-01-01T17:48:11","date_gmt":"2025-01-01T17:48:11","guid":{"rendered":"https:\/\/marinothemes.com\/wp\/minimalin\/?page_id=51"},"modified":"2025-10-27T13:56:54","modified_gmt":"2025-10-27T13:56:54","slug":"contacto","status":"publish","type":"page","link":"https:\/\/umidigi.com.py\/es\/contacto\/","title":{"rendered":"Contacto"},"content":{"rendered":"\t\t<div data-elementor-type=\"wp-page\" data-elementor-id=\"51\" class=\"elementor elementor-51\" data-elementor-post-type=\"page\">\n\t\t\t\t<div class=\"elementor-element elementor-element-054bd10 e-flex e-con-boxed e-con e-parent\" data-id=\"054bd10\" data-element_type=\"container\">\n\t\t\t\t\t<div class=\"e-con-inner\">\n\t\t<div class=\"elementor-element elementor-element-bea099b e-con-full e-flex e-con e-child\" data-id=\"bea099b\" data-element_type=\"container\">\n\t\t\t\t<div class=\"elementor-element elementor-element-d5ef6a9 elementor-widget elementor-widget-minimalin_hero_title\" data-id=\"d5ef6a9\" data-element_type=\"widget\" data-widget_type=\"minimalin_hero_title.default\">\n\t\t\t\t<div class=\"elementor-widget-container\">\n\t\t\t\t\t\r\n\t\t<div class=\"cowndown__banner__title te-box-title\">\r\n\t\t\t<h2 class=\"te-title minimalin-size-default\">Email<\/h2>\t\t\t<p class=\"te-text\">mayoristas@umidigi.com.py<br>\nventas@umidigi.com.py<\/p>\t\t<\/div>\r\n    \r\n    \t\t\t\t<\/div>\n\t\t\t\t<\/div>\n\t\t\t\t<\/div>\n\t\t<div class=\"elementor-element elementor-element-2c927b2 e-con-full e-flex e-con e-child\" data-id=\"2c927b2\" data-element_type=\"container\">\n\t\t\t\t<div class=\"elementor-element elementor-element-814e8a5 elementor-widget elementor-widget-minimalin_hero_title\" data-id=\"814e8a5\" data-element_type=\"widget\" data-widget_type=\"minimalin_hero_title.default\">\n\t\t\t\t<div class=\"elementor-widget-container\">\n\t\t\t\t\t\r\n\t\t<div class=\"cowndown__banner__title te-box-title\">\r\n\t\t\t<h2 class=\"te-title minimalin-size-default\">Tel\u00e9fonos<\/h2>\t\t\t<p class=\"te-text\">+595 992 799 683<br><\/p>\t\t<\/div>\r\n    \r\n    \t\t\t\t<\/div>\n\t\t\t\t<\/div>\n\t\t\t\t<\/div>\n\t\t<div class=\"elementor-element elementor-element-d67a168 e-con-full e-flex e-con e-child\" data-id=\"d67a168\" data-element_type=\"container\">\n\t\t\t\t<div class=\"elementor-element elementor-element-a48c359 elementor-widget elementor-widget-minimalin_hero_title\" data-id=\"a48c359\" data-element_type=\"widget\" data-widget_type=\"minimalin_hero_title.default\">\n\t\t\t\t<div class=\"elementor-widget-container\">\n\t\t\t\t\t\r\n\t\t<div class=\"cowndown__banner__title te-box-title\">\r\n\t\t\t<h2 class=\"te-title minimalin-size-default\">Oficina Paraguay<\/h2>\t\t\t<p class=\"te-text\">Carlos A. L\u00f3pez esq Adri\u00e1n Jara<br>\nShopping Mini Mundo 2do Nivel<\/p>\t\t<\/div>\r\n    \r\n    \t\t\t\t<\/div>\n\t\t\t\t<\/div>\n\t\t\t\t<\/div>\n\t\t\t\t\t<\/div>\n\t\t\t\t<\/div>\n\t\t<div class=\"elementor-element elementor-element-2206ee9 e-con-full e-flex e-con e-parent\" data-id=\"2206ee9\" data-element_type=\"container\">\n\t\t\t\t<div class=\"elementor-element elementor-element-bd8836e elementor-widget elementor-widget-minimalin_form\" data-id=\"bd8836e\" data-element_type=\"widget\" data-widget_type=\"minimalin_form.default\">\n\t\t\t\t<div class=\"elementor-widget-container\">\n\t\t\t\t\t\r\n\t<div class=\"contactarea__form sp_bottom_80\">\r\n\t\t<div class=\"container\">\r\n\t\t\t<div class=\"row\">\r\n\t\t\t\t<div class=\"col-xl-12\">\r\n\t\t\t\t\t<div class=\"contactarea__form__area\">\r\n\t\t\t\t\t\t<h4 class=\"contactarea__form__title\">Enviar un mensaje<\/h4>\t\t\t\t\t\t\n<div class=\"wpcf7 no-js\" id=\"wpcf7-f1413-o1\" lang=\"en-US\" dir=\"ltr\" data-wpcf7-id=\"1413\">\n<div class=\"screen-reader-response\"><p role=\"status\" aria-live=\"polite\" aria-atomic=\"true\"><\/p> <ul><\/ul><\/div>\n<form action=\"\/es\/wp-json\/wp\/v2\/pages\/51#wpcf7-f1413-o1\" method=\"post\" class=\"wpcf7-form init\" aria-label=\"Contact form\" novalidate=\"novalidate\" data-status=\"init\">\n<fieldset class=\"hidden-fields-container\"><input type=\"hidden\" name=\"_wpcf7\" value=\"1413\" \/><input type=\"hidden\" name=\"_wpcf7_version\" value=\"6.1.4\" \/><input type=\"hidden\" name=\"_wpcf7_locale\" value=\"en_US\" \/><input type=\"hidden\" name=\"_wpcf7_unit_tag\" value=\"wpcf7-f1413-o1\" \/><input type=\"hidden\" name=\"_wpcf7_container_post\" value=\"0\" \/><input type=\"hidden\" name=\"_wpcf7_posted_data_hash\" value=\"\" \/>\n<\/fieldset>\n<div class=\"row\">\n\t<div class=\"col-xl-6 col-lg-6 col-md-6 col-12\">\n\t\t<div class=\"contactarea__form__input\">\n\t\t\t<p><span class=\"wpcf7-form-control-wrap\" data-name=\"text-883\"><input size=\"40\" maxlength=\"400\" class=\"wpcf7-form-control wpcf7-text wpcf7-validates-as-required\" aria-required=\"true\" aria-invalid=\"false\" placeholder=\"Nombre\" value=\"\" type=\"text\" name=\"text-883\" \/><\/span>\n\t\t\t<\/p>\n\t\t<\/div>\n\t<\/div>\n\t<div class=\"col-xl-6 col-lg-6 col-md-6 col-12\">\n\t\t<div class=\"contactarea__form__input\">\n\t\t\t<p><span class=\"wpcf7-form-control-wrap\" data-name=\"email-662\"><input size=\"40\" maxlength=\"400\" class=\"wpcf7-form-control wpcf7-email wpcf7-validates-as-required wpcf7-text wpcf7-validates-as-email\" aria-required=\"true\" aria-invalid=\"false\" placeholder=\"Email\" value=\"\" type=\"email\" name=\"email-662\" \/><\/span>\n\t\t\t<\/p>\n\t\t<\/div>\n\t<\/div>\n\t<div class=\"col-xl-6 col-lg-6 col-md-6 col-12\">\n\t\t<div class=\"contactarea__form__input\">\n\t\t\t<p><span class=\"wpcf7-form-control-wrap\" data-name=\"text-288\"><input size=\"40\" maxlength=\"400\" class=\"wpcf7-form-control wpcf7-text wpcf7-validates-as-required\" aria-required=\"true\" aria-invalid=\"false\" placeholder=\"N\u00famero de celular\" value=\"\" type=\"text\" name=\"text-288\" \/><\/span>\n\t\t\t<\/p>\n\t\t<\/div>\n\t<\/div>\n\t<div class=\"col-xl-6 col-lg-6 col-md-6 col-12\">\n\t\t<div class=\"contactarea__form__input\">\n\t\t\t<p><span class=\"wpcf7-form-control-wrap\" data-name=\"text-566\"><input size=\"40\" maxlength=\"400\" class=\"wpcf7-form-control wpcf7-text wpcf7-validates-as-required\" aria-required=\"true\" aria-invalid=\"false\" placeholder=\"Asunto\" value=\"\" type=\"text\" name=\"text-566\" \/><\/span>\n\t\t\t<\/p>\n\t\t<\/div>\n\t<\/div>\n\t<div class=\"col-xl-12\">\n\t\t<div class=\"contactarea__form__input\">\n\t\t\t<p><span class=\"wpcf7-form-control-wrap\" data-name=\"textarea-186\"><textarea cols=\"40\" rows=\"10\" maxlength=\"2000\" class=\"wpcf7-form-control wpcf7-textarea wpcf7-validates-as-required custom-textarea\" aria-required=\"true\" aria-invalid=\"false\" placeholder=\"Su mensaje\" name=\"textarea-186\"><\/textarea><\/span>\n\t\t\t<\/p>\n\t\t<\/div>\n\t<\/div>\n\t<div class=\"col-xl-12\">\n\t\t<div class=\"contactarea__form__button\">\n\t\t\t<p><button type=\"submit\" value=\"submit\" class=\"default__button\" name=\"submit\">Enviar<\/button>\n\t\t\t<\/p>\n\t\t\t<p class=\"form-messege\">\n\t\t\t<\/p>\n\t\t<\/div>\n\t<\/div>\n<\/div><div class=\"wpcf7-response-output\" aria-hidden=\"true\"><\/div>\n<\/form>\n<\/div>\n\t\t\t\t\t<\/div>\r\n\r\n\t\t\t\t<\/div>\r\n\t\t\t<\/div>\r\n\t\t<\/div>\r\n\t<\/div>\r\n    \r\n    \r\n    \t\t\t\t<\/div>\n\t\t\t\t<\/div>\n\t\t\t\t<\/div>\n\t\t<div class=\"elementor-element elementor-element-53cafca e-flex e-con-boxed e-con e-parent\" data-id=\"53cafca\" data-element_type=\"container\">\n\t\t\t\t\t<div class=\"e-con-inner\">\n\t\t\t\t<div class=\"elementor-element elementor-element-f2804f7 elementor-widget elementor-widget-google_maps\" data-id=\"f2804f7\" data-element_type=\"widget\" data-widget_type=\"google_maps.default\">\n\t\t\t\t<div class=\"elementor-widget-container\">\n\t\t\t\t\t\t\t<div class=\"elementor-custom-embed\">\n\t\t\t<iframe loading=\"lazy\"\n\t\t\t\t\tsrc=\"https:\/\/maps.google.com\/maps?q=-25.51083461209655%2C%20-54.60980778856242&#038;t=m&#038;z=15&#038;output=embed&#038;iwloc=near\"\n\t\t\t\t\ttitle=\"-25.51083461209655, -54.60980778856242\"\n\t\t\t\t\taria-label=\"-25.51083461209655, -54.60980778856242\"\n\t\t\t><\/iframe>\n\t\t<\/div>\n\t\t\t\t\t\t<\/div>\n\t\t\t\t<\/div>\n\t\t\t\t\t<\/div>\n\t\t\t\t<\/div>\n\t\t\t\t<\/div>\n\t\t","protected":false},"excerpt":{"rendered":"<p>Email mayoristas@umidigi.com.py ventas@umidigi.com.py Tel\u00e9fonos +595 992 799 683 Oficina Paraguay Carlos A. L\u00f3pez esq Adri\u00e1n Jara Shopping Mini Mundo 2do Nivel Enviar un mensaje Submit<\/p>\n","protected":false},"author":2,"featured_media":0,"parent":0,"menu_order":0,"comment_status":"closed","ping_status":"closed","template":"tpl-default-elementor.php","meta":{"footnotes":""},"class_list":["post-51","page","type-page","status-publish","hentry"],"_links":{"self":[{"href":"https:\/\/umidigi.com.py\/es\/wp-json\/wp\/v2\/pages\/51","targetHints":{"allow":["GET"]}}],"collection":[{"href":"https:\/\/umidigi.com.py\/es\/wp-json\/wp\/v2\/pages"}],"about":[{"href":"https:\/\/umidigi.com.py\/es\/wp-json\/wp\/v2\/types\/page"}],"author":[{"embeddable":true,"href":"https:\/\/umidigi.com.py\/es\/wp-json\/wp\/v2\/users\/2"}],"replies":[{"embeddable":true,"href":"https:\/\/umidigi.com.py\/es\/wp-json\/wp\/v2\/comments?post=51"}],"version-history":[{"count":11,"href":"https:\/\/umidigi.com.py\/es\/wp-json\/wp\/v2\/pages\/51\/revisions"}],"predecessor-version":[{"id":1692,"href":"https:\/\/umidigi.com.py\/es\/wp-json\/wp\/v2\/pages\/51\/revisions\/1692"}],"wp:attachment":[{"href":"https:\/\/umidigi.com.py\/es\/wp-json\/wp\/v2\/media?parent=51"}],"curies":[{"name":"wp","href":"https:\/\/api.w.org\/{rel}","templated":true}]}}