{"id":10,"date":"2025-06-02T18:54:36","date_gmt":"2025-06-02T18:54:36","guid":{"rendered":"https:\/\/umidigi.com.py\/es\/cart\/"},"modified":"2025-06-30T16:22:37","modified_gmt":"2025-06-30T16:22:37","slug":"cart","status":"publish","type":"page","link":"https:\/\/umidigi.com.py\/es\/cart\/","title":{"rendered":"Carrito"},"content":{"rendered":"\t\t<div data-elementor-type=\"wp-page\" data-elementor-id=\"10\" class=\"elementor elementor-10\" data-elementor-post-type=\"page\">\n\t\t\t\t<div class=\"elementor-element elementor-element-eda116e e-flex e-con-boxed e-con e-parent\" data-id=\"eda116e\" data-element_type=\"container\">\n\t\t\t\t\t<div class=\"e-con-inner\">\n\t\t\t\t\t<\/div>\n\t\t\t\t<\/div>\n\t\t\t\t<\/div>\n\t\t","protected":false},"excerpt":{"rendered":"<p>Zona de coincidencia con el cliente \u00abParaguay\u00bb &nbsp; &nbsp; Product Price Quantity Subtotal &times; Umidigi Note 90C 6\/128GB Negro &#8370;649.000 Umidigi Note 90C 6\/128GB Negro quantity &#8370;649.000 Update cart Cart totals Subtotal &#8370;649.000 Env\u00edo Introduce tu direcci\u00f3n para ver las opciones de env\u00edo. Calcular env\u00edo Pa\u00eds \/ Regi\u00f3n Selecciona un pa\u00eds\/regi\u00f3n&hellip;Paraguay Regi\u00f3n \/ Provincia Elige [&hellip;]<\/p>\n","protected":false},"author":1,"featured_media":0,"parent":0,"menu_order":0,"comment_status":"closed","ping_status":"closed","template":"elementor_theme","meta":{"footnotes":""},"class_list":["post-10","page","type-page","status-publish","hentry"],"_links":{"self":[{"href":"https:\/\/umidigi.com.py\/es\/wp-json\/wp\/v2\/pages\/10","targetHints":{"allow":["GET"]}}],"collection":[{"href":"https:\/\/umidigi.com.py\/es\/wp-json\/wp\/v2\/pages"}],"about":[{"href":"https:\/\/umidigi.com.py\/es\/wp-json\/wp\/v2\/types\/page"}],"author":[{"embeddable":true,"href":"https:\/\/umidigi.com.py\/es\/wp-json\/wp\/v2\/users\/1"}],"replies":[{"embeddable":true,"href":"https:\/\/umidigi.com.py\/es\/wp-json\/wp\/v2\/comments?post=10"}],"version-history":[{"count":18,"href":"https:\/\/umidigi.com.py\/es\/wp-json\/wp\/v2\/pages\/10\/revisions"}],"predecessor-version":[{"id":1676,"href":"https:\/\/umidigi.com.py\/es\/wp-json\/wp\/v2\/pages\/10\/revisions\/1676"}],"wp:attachment":[{"href":"https:\/\/umidigi.com.py\/es\/wp-json\/wp\/v2\/media?parent=10"}],"curies":[{"name":"wp","href":"https:\/\/api.w.org\/{rel}","templated":true}]}}